{"id":10,"date":"2025-11-13T13:31:59","date_gmt":"2025-11-13T13:31:59","guid":{"rendered":"https:\/\/prayer.24-7im.com\/password-recover\/"},"modified":"2025-11-13T13:31:59","modified_gmt":"2025-11-13T13:31:59","slug":"password-recover","status":"publish","type":"page","link":"https:\/\/prayer.24-7im.com\/password-recover\/","title":{"rendered":"Forgot Password"},"content":{"rendered":"<div id=\"peepso-wrap\"><div class=\"peepso\">\n  <div class=\"ps-page ps-page--register ps-page--register-recover\">\n    <h2>Olvid\u00f3 la contrase\u00f1a<\/h2>\n    <p>Por favor introduzca la direcci\u00f3n de correo electr\u00f3nico para su cuenta. Un c\u00f3digo de verificaci\u00f3n se enviar\u00e1 a usted. Una vez haya recibido el c\u00f3digo de verificaci\u00f3n, usted ser\u00e1 capaz de elegir una nueva contrase\u00f1a para su cuenta.<\/p>\n    <p>Si utilizaste una funci\u00f3n de inicio de sesi\u00f3n social, se desconectar\u00e1 al restablecer la contrase\u00f1a.<\/p>        <div class=\"psf-register psf-register--recover\">\n      <form id=\"recoverpasswordform\" name=\"recoverpasswordform\" action=\"?submit\" method=\"post\" class=\"ps-form ps-form--register ps-form--register-recover\">\n          <input type=\"hidden\" name=\"task\" value=\"-recover-password\" \/>\n          <input type=\"hidden\" name=\"-form-id\" value=\"1fb94eba4a\" \/>\n          <div class=\"ps-form__grid\">\n              <div class=\"ps-form__row\">\n                  <label for=\"email\" class=\"ps-form__label\">Direcci\u00f3n de correo electr\u00f3nico:                      <span class=\"ps-form__required\">&nbsp;*<span><\/span><\/span>\n                  <\/label>\n                  <div class=\"ps-form__field\">\n                      <input class=\"ps-input\" type=\"email\" name=\"email\" placeholder=\"Direcci\u00f3n de correo electr\u00f3nico\" \/>\n                  <\/div>\n              <\/div>\n              <div class=\"ps-form__row ps-form__row--submit\">\n                                <a class=\"ps-btn\" href=\"https:\/\/prayer.24-7im.com\/es\/activity\/\">Atr\u00e1s<\/a>\n                                <input type=\"submit\" name=\"submit-recover\"\n                  class=\"ps-btn ps-btn--action ps-js-recaptcha\"\n                  value=\"Enviar\"\n                  disabled=\"disabled\" \/>\n              <\/div>\n          <\/div>\n      <\/form>\n    <\/div>\n  <\/div>\n<\/div>\n<\/div>\n","protected":false},"excerpt":{"rendered":"","protected":false},"author":1,"featured_media":0,"parent":0,"menu_order":0,"comment_status":"closed","ping_status":"closed","template":"","meta":{"_acf_changed":false,"footnotes":""},"class_list":["post-10","page","type-page","status-publish","hentry"],"acf":[],"_links":{"self":[{"href":"https:\/\/prayer.24-7im.com\/es\/wp-json\/wp\/v2\/pages\/10","targetHints":{"allow":["GET"]}}],"collection":[{"href":"https:\/\/prayer.24-7im.com\/es\/wp-json\/wp\/v2\/pages"}],"about":[{"href":"https:\/\/prayer.24-7im.com\/es\/wp-json\/wp\/v2\/types\/page"}],"author":[{"embeddable":true,"href":"https:\/\/prayer.24-7im.com\/es\/wp-json\/wp\/v2\/users\/1"}],"replies":[{"embeddable":true,"href":"https:\/\/prayer.24-7im.com\/es\/wp-json\/wp\/v2\/comments?post=10"}],"version-history":[{"count":0,"href":"https:\/\/prayer.24-7im.com\/es\/wp-json\/wp\/v2\/pages\/10\/revisions"}],"wp:attachment":[{"href":"https:\/\/prayer.24-7im.com\/es\/wp-json\/wp\/v2\/media?parent=10"}],"curies":[{"name":"wp","href":"https:\/\/api.w.org\/{rel}","templated":true}]}}