{"id":9,"date":"2025-11-13T13:31:59","date_gmt":"2025-11-13T13:31:59","guid":{"rendered":"https:\/\/prayer.24-7im.com\/register\/"},"modified":"2025-11-13T13:31:59","modified_gmt":"2025-11-13T13:31:59","slug":"register","status":"publish","type":"page","link":"https:\/\/prayer.24-7im.com\/register\/","title":{"rendered":"Site Registration"},"content":{"rendered":"<div id=\"peepso-wrap\">\n<!-- PEEPSO WRAPPER -->\n<div class=\"peepso\">\n\t<div class=\"ps-page ps-page--register ps-page--register-main\">\n\t\t<div class=\"psf-register psf-register--main\">\n\t\t\t\n\t\t\t\n\t\t\t<!-- REGISTER FORM -->\n\t\t\t<form name=\"profile-edit\" id=\"profile-edit\"  action=\"https:\/\/prayer.24-7im.com\/es\/register\/\"  method=\"POST\"  class=\"ps-form ps-form--register ps-form--register-main cform community-form-validate ps-js-form-register\"  autocomplete=\"off\" ><input type=\"hidden\" name=\"peepso-config-nonce\" value=\"b27b8f5deb\"\/><div class=\"ps-form__grid\"><input type=\"hidden\" name=\"username\" value=\"\" \/>\n<div class=\"ps-form__row ps-form__row--full ps-form__row--clear\"><label id=\"emailmsg\" for=\"email\" class=\"ps-form__label \">\nCorreo electr\u00f3nico<span class=\"ps-form__required\">&nbsp;*<\/span><\/label>\n<div class=\"ps-form__field \"><input  type=\"email\" name=\"email\" id=\"email\"  class=\"ps-input email required maxlen:320 \" title=\"Introduzca su direcci\u00f3n de correo electr\u00f3nico\"  required  \/><div class=\"ps-form__field-desc lbl-descript\">Introduzca su direcci\u00f3n de correo electr\u00f3nico<\/div><div class=\"ps-form__error\" style=\"display:none\"><\/div><\/div>\n<\/div><div class=\"ps-form__row ps-form__row--half\"><label id=\"passwordmsg\" for=\"password\" class=\"ps-form__label \">\nContrase\u00f1a<span class=\"ps-form__required\">&nbsp;*<\/span><\/label>\n<div class=\"ps-form__field \"><input type=\"password\" name=\"password\" id=\"password\"  class=\"ps-input password password_lowercase password_uppercase password_number password_special required\" title=\"Introduce tu contrase\u00f1a deseada\"  required  \/><span id=\"errpassword\" style=\"display:none;\">&nbsp;<\/span><div class=\"ps-form__field-desc lbl-descript\">Introduce tu contrase\u00f1a deseada<\/div><div class=\"ps-form__error\" style=\"display:none\"><\/div><\/div>\n<\/div><div class=\"ps-form__row ps-form__row--half\"><label id=\"password2msg\" for=\"password2\" class=\"ps-form__label \">\nVerificar contrase\u00f1a<span class=\"ps-form__required\">&nbsp;*<\/span><\/label>\n<div class=\"ps-form__field \"><input type=\"password\" name=\"password2\" id=\"password2\"  class=\"ps-input password password_lowercase password_uppercase password_number password_special required\" title=\"Repite contrase\u00f1a\"  required  \/><span id=\"errpassword2\" style=\"display:none;\">&nbsp;<\/span><div class=\"ps-form__field-desc lbl-descript\">Repite contrase\u00f1a<\/div><div class=\"ps-form__error\" style=\"display:none\"><\/div><\/div>\n<\/div><input type=\"hidden\" name=\"task\" value=\"-register-save\" \/>\n\t\t\t<div class=\"ps-form__row ps-form__row--half\">\n\t\t\t\t\t\t\t\t<label id=\"peepso_user_field_first_namemsg\" for=\"peepso_user_field_first_name\" class=\"ps-form__label\">Nombre<span class=\"ps-form__required\">&nbsp;*<\/span><\/label>\n\t\t\t\t\t\t\t\t<div class=\"ps-form__field\">\n\t\t\t\t\t<div class=\"ps-input__wrapper\"><input class=\"ps-input ps-input--sm ps-input--count\" type=\"text\" value=\"\" name=\"profile_field_15\" id=\"profile_field_15\" data-id=\"15\" class=\"ps-input\" required><div class=\"ps-form__chars-count ps-js-counter\" style=\"display:none\"><\/div><\/div>\t\t\t\t\t<div class=\"ps-form__field-desc lbl-descript\">Nombre<\/div>\n\t\t\t\t\t<div class=\"ps-form__error\" style=\"display:none\"><\/div>\t\t\t\t<\/div>\n\t\t\t<\/div>\n\t\t\t\t\t<div class=\"ps-form__row ps-form__row--half\">\n\t\t\t\t\t\t\t\t<label id=\"peepso_user_field_first_namemsg\" for=\"peepso_user_field_first_name\" class=\"ps-form__label\">Apellido<span class=\"ps-form__required\">&nbsp;*<\/span><\/label>\n\t\t\t\t\t\t\t\t<div class=\"ps-form__field\">\n\t\t\t\t\t<div class=\"ps-input__wrapper\"><input class=\"ps-input ps-input--sm ps-input--count\" type=\"text\" value=\"\" name=\"profile_field_16\" id=\"profile_field_16\" data-id=\"16\" class=\"ps-input\" required><div class=\"ps-form__chars-count ps-js-counter\" style=\"display:none\"><\/div><\/div>\t\t\t\t\t<div class=\"ps-form__field-desc lbl-descript\">Last name<\/div>\n\t\t\t\t\t<div class=\"ps-form__error\" style=\"display:none\"><\/div>\t\t\t\t<\/div>\n\t\t\t<\/div>\n\t\t\t\t\t<div class=\"ps-form__row ps-form__row--half\">\n\t\t\t\t\t\t\t\t<label id=\"peepso_user_field_first_namemsg\" for=\"peepso_user_field_first_name\" class=\"ps-form__label\">Phone Number<span class=\"ps-form__required\">&nbsp;*<\/span><\/label>\n\t\t\t\t\t\t\t\t<div class=\"ps-form__field\">\n\t\t\t\t\t<div class=\"ps-input__wrapper\"><input class=\"ps-input ps-input--sm ps-input--count\" type=\"text\" value=\"\" name=\"profile_field_220\" id=\"profile_field_220\" data-id=\"220\" class=\"ps-input\" required><div class=\"ps-form__chars-count ps-js-counter\" style=\"display:none\"><\/div><\/div>\t\t\t\t\t<div class=\"ps-form__field-desc lbl-descript\">Phone Number<\/div>\n\t\t\t\t\t<div class=\"ps-form__error\" style=\"display:none\"><\/div>\t\t\t\t<\/div>\n\t\t\t<\/div>\n\t\t\t\t\t<div class=\"ps-form__row ps-form__row--half\">\n\t\t\t\t\t\t\t\t<label id=\"peepso_user_field_first_namemsg\" for=\"peepso_user_field_first_name\" class=\"ps-form__label\">Country<span class=\"ps-form__required\">&nbsp;*<\/span><\/label>\n\t\t\t\t\t\t\t\t<div class=\"ps-form__field\">\n\t\t\t\t\t\t\t<select name=\"profile_field_219\" id=\"profile_field_219\" data-id=\"219\" class=\"ps-input\" required>\n\t\t\t<option value=\"\">Seleccione una opci\u00f3n...<\/option>\n\t\t\t<option  value=\"EG\">Egipto<\/option><option  value=\"LB\">L\u00edbano<\/option><option  value=\"AF\">Afganist\u00e1n<\/option><option  value=\"AL\">Albania<\/option><option  value=\"DE\">Alemania<\/option><option  value=\"AD\">Andorra<\/option><option  value=\"AO\">Angola<\/option><option  value=\"AI\">Anguila<\/option><option  value=\"AQ\">Ant\u00e1rtida<\/option><option  value=\"AG\">Antigua y Barbuda<\/option><option  value=\"SA\">Arabia Saudita<\/option><option  value=\"DZ\">Argelia<\/option><option  value=\"AR\">Argentina<\/option><option  value=\"AM\">Armenia<\/option><option  value=\"AW\">Aruba<\/option><option  value=\"AU\">Australia<\/option><option  value=\"AT\">Austria<\/option><option  value=\"AZ\">Azerbaiy\u00e1n<\/option><option  value=\"BS\">Bahamas<\/option><option  value=\"BH\">Bahr\u00e9in<\/option><option  value=\"BD\">Banglad\u00e9s<\/option><option  value=\"BB\">Barbados<\/option><option  value=\"BE\">B\u00e9lgica<\/option><option  value=\"BZ\">Belice<\/option><option  value=\"BJ\">Ben\u00edn<\/option><option  value=\"BM\">Bermuda<\/option><option  value=\"BY\">Bielorrusia<\/option><option  value=\"BO\">Bolivia<\/option><option  value=\"BQ\">Bonaire, San Eustaquio y Saba<\/option><option  value=\"BA\">Bosnia y Herzegovina<\/option><option  value=\"BW\">Botswana<\/option><option  value=\"BR\">Brasil<\/option><option  value=\"BN\">Brunei<\/option><option  value=\"BG\">Bulgaria<\/option><option  value=\"BF\">Burkina Faso<\/option><option  value=\"BI\">Burundi<\/option><option  value=\"BT\">But\u00e1n<\/option><option  value=\"CV\">Cabo Verde<\/option><option  value=\"KH\">Camboya<\/option><option  value=\"CM\">Camer\u00fan<\/option><option  value=\"CA\">Canad\u00e1<\/option><option  value=\"QA\">Catar<\/option><option  value=\"TD\">Chad<\/option><option  value=\"CL\">Chile<\/option><option  value=\"CN\">China<\/option><option  value=\"CY\">Chipre<\/option><option  value=\"CO\">Colombia<\/option><option  value=\"CG\">Congo<\/option><option  value=\"CD\">Congo (Rep\u00fablica Democr\u00e1tica del)<\/option><option  value=\"KR\">Corea del Sur, Rep\u00fablica<\/option><option  value=\"KP\">Corea, Rep\u00fablica Popular Democr\u00e1tica<\/option><option  value=\"CR\">Costa Rica<\/option><option  value=\"CI\">Costa de Marfil<\/option><option  value=\"HR\">Croacia<\/option><option  value=\"CU\">Cuba<\/option><option  value=\"CW\">Curazao<\/option><option  value=\"DK\">Dinamarca<\/option><option  value=\"DM\">Dominica<\/option><option  value=\"EC\">Ecuador<\/option><option  value=\"SV\">El Salvador<\/option><option  value=\"AE\">Emiratos \u00c1rabes Unidos<\/option><option  value=\"ER\">Eritrea<\/option><option  value=\"SK\">Eslovaquia<\/option><option  value=\"SI\">Eslovenia<\/option><option  value=\"ES\">Espa\u00f1a<\/option><option  value=\"US\">Estados Unidos<\/option><option  value=\"EE\">Estonia<\/option><option  value=\"ET\">Etiop\u00eda<\/option><option  value=\"PH\">Filipinas<\/option><option  value=\"FI\">Finlandia<\/option><option  value=\"FJ\">Fiyi<\/option><option  value=\"FR\">Francia<\/option><option  value=\"GA\">Gab\u00f3n<\/option><option  value=\"GM\">Gambia<\/option><option  value=\"GE\">Georgia<\/option><option  value=\"GS\">Georgia del Sur e Islas S\u00e1ndwich del Sur<\/option><option  value=\"GH\">Ghana<\/option><option  value=\"GI\">Gibraltar<\/option><option  value=\"GD\">Granada<\/option><option  value=\"GR\">Grecia<\/option><option  value=\"GL\">Groenlandia<\/option><option  value=\"GP\">Guadalupe<\/option><option  value=\"GU\">Guam<\/option><option  value=\"GT\">Guatemala<\/option><option  value=\"GF\">Guayana Francesa<\/option><option  value=\"GG\">Guernsey<\/option><option  value=\"GN\">Guinea<\/option><option  value=\"GQ\">Guinea Ecuatorial<\/option><option  value=\"GW\">Guinea-Bissau<\/option><option  value=\"GY\">Guyana<\/option><option  value=\"HT\">Hait\u00ed<\/option><option  value=\"HN\">Honduras<\/option><option  value=\"HK\">Hong Kong<\/option><option  value=\"HU\">Hungr\u00eda<\/option><option  value=\"IN\">India<\/option><option  value=\"ID\">Indonesia<\/option><option  value=\"IQ\">Irak<\/option><option  value=\"IR\">Ir\u00e1n, Rep\u00fablica Isl\u00e1mica de<\/option><option  value=\"IE\">Irlanda<\/option><option  value=\"BV\">Isla Bouvet<\/option><option  value=\"NF\">Isla Norfolk<\/option><option  value=\"IM\">Isla de Man<\/option><option  value=\"CX\">Isla de Navidad<\/option><option  value=\"IS\">Islandia<\/option><option  value=\"KY\">Islas Caim\u00e1n<\/option><option  value=\"CC\">Islas Cocos (Keeling)<\/option><option  value=\"KM\">Islas Comoros<\/option><option  value=\"CK\">Islas Cook<\/option><option  value=\"FK\">Islas Falkland (Malvinas)<\/option><option  value=\"FO\">Islas Faroe<\/option><option  value=\"HM\">Islas Heard y McDonald<\/option><option  value=\"MP\">Islas Marianas del Norte<\/option><option  value=\"MH\">Islas Marshall<\/option><option  value=\"UM\">Islas Menores Remotas de los Estados Unidos<\/option><option  value=\"PN\">Islas Pitcairn<\/option><option  value=\"SB\">Islas Salom\u00f3n<\/option><option  value=\"SC\">Islas Seychelles<\/option><option  value=\"TC\">Islas Turcas y Caicos<\/option><option  value=\"VG\">Islas V\u00edrgenes Brit\u00e1nicas<\/option><option  value=\"VI\">Islas V\u00edrgenes, Estados Unidos<\/option><option  value=\"AX\">Islas de \u00c5land<\/option><option  value=\"IL\">Israel<\/option><option  value=\"IT\">Italia<\/option><option  value=\"JM\">Jamaica<\/option><option  value=\"JP\">Jap\u00f3n<\/option><option  value=\"JE\">Jersey<\/option><option  value=\"JO\">Jordania<\/option><option  value=\"KZ\">Kazajst\u00e1n<\/option><option  value=\"KE\">Kenia<\/option><option  value=\"KG\">Kirguizia<\/option><option  value=\"KI\">Kiribati<\/option><option  value=\"KW\">Kuwait<\/option><option  value=\"LA\">Laos<\/option><option  value=\"LS\">Lesoto<\/option><option  value=\"LV\">Letonia<\/option><option  value=\"LR\">Liberia<\/option><option  value=\"LY\">Libia<\/option><option  value=\"LI\">Liechtenstein<\/option><option  value=\"LT\">Lituania<\/option><option  value=\"LU\">Luxemburgo<\/option><option  value=\"MO\">Macao<\/option><option  value=\"MK\">Macedonia, antigua Rep\u00fablica Yugoslava de<\/option><option  value=\"MG\">Madagascar<\/option><option  value=\"MY\">Malasia<\/option><option  value=\"MW\">Malawi<\/option><option  value=\"MV\">Maldivas<\/option><option  value=\"ML\">Mali<\/option><option  value=\"MT\">Malta<\/option><option  value=\"MA\">Marruecos<\/option><option  value=\"MQ\">Martinica<\/option><option  value=\"MU\">Mauricio<\/option><option  value=\"MR\">Mauritania<\/option><option  value=\"YT\">Mayotte<\/option><option  value=\"MX\">M\u00e9xico<\/option><option  value=\"FM\">Micronesia, Estados Federados<\/option><option  value=\"MD\">Moldavia<\/option><option  value=\"MC\">M\u00f3naco<\/option><option  value=\"MN\">Mongolia<\/option><option  value=\"ME\">Montenegro<\/option><option  value=\"MS\">Montserrat<\/option><option  value=\"MZ\">Mozambique<\/option><option  value=\"MM\">Myanmar<\/option><option  value=\"NA\">Namibia<\/option><option  value=\"NR\">Nauru<\/option><option  value=\"NP\">Nepal<\/option><option  value=\"NI\">Nicaragua<\/option><option  value=\"NE\">N\u00edger<\/option><option  value=\"NG\">Nigeria<\/option><option  value=\"NU\">Niue<\/option><option  value=\"NO\">Noruega<\/option><option  value=\"NC\">Nueva Caledonia<\/option><option  value=\"NZ\">Nueva Zelanda<\/option><option  value=\"OM\">Om\u00e1n<\/option><option  value=\"NL\">Pa\u00edses Bajos<\/option><option  value=\"PK\">Pakist\u00e1n<\/option><option  value=\"PW\">Palau<\/option><option  value=\"PA\">Panam\u00e1<\/option><option  value=\"PG\">Pap\u00faa Nueva Guinea<\/option><option  value=\"PY\">Paraguay<\/option><option  value=\"PE\">Per\u00fa<\/option><option  value=\"PF\">Polinesia francesa<\/option><option  value=\"PL\">Polonia<\/option><option  value=\"PT\">Portugal<\/option><option  value=\"PR\">Puerto Rico<\/option><option  value=\"GB\">Reino Unido<\/option><option  value=\"SY\">Rep\u00fablica \u00c1rabe Siria<\/option><option  value=\"CF\">Rep\u00fablica Centroafricana<\/option><option  value=\"CZ\">Rep\u00fablica Checa<\/option><option  value=\"DO\">Rep\u00fablica Dominicana<\/option><option  value=\"RE\">Reuni\u00f3n<\/option><option  value=\"RW\">Ruanda<\/option><option  value=\"RO\">Rumania<\/option><option  value=\"RU\">Rusia<\/option><option  value=\"EH\">S\u00e1hara Occidental<\/option><option  value=\"KN\">Saint Kitts y Nevis<\/option><option  value=\"PM\">Saint Pierre y Miquelon<\/option><option  value=\"WS\">Samoa<\/option><option  value=\"AS\">Samoa Americana<\/option><option  value=\"BL\">San Bartolom\u00e9<\/option><option  value=\"SM\">San Marino<\/option><option  value=\"MF\">San Mart\u00edn (parte francesa)<\/option><option  value=\"SX\">San Mart\u00edn (parte holandesa)<\/option><option  value=\"VC\">San Vicente y las Granadinas<\/option><option  value=\"SH\">Santa Elena, Ascensi\u00f3n y Trist\u00e1n de Acu\u00f1a<\/option><option  value=\"LC\">Santa Luc\u00eda<\/option><option  value=\"VA\">Santa Sede (ciudad del Vaticano)<\/option><option  value=\"ST\">Santo Tom\u00e9 y Pr\u00edncipe<\/option><option  value=\"SN\">Senegal<\/option><option  value=\"RS\">Serbia<\/option><option  value=\"SL\">Sierra Leona<\/option><option  value=\"SG\">Singapur<\/option><option  value=\"SO\">Somalia<\/option><option  value=\"LK\">Sri Lanka<\/option><option  value=\"SZ\">Suazilandia<\/option><option  value=\"ZA\">Sud\u00e1frica<\/option><option  value=\"SD\">Sud\u00e1n<\/option><option  value=\"SS\">Sud\u00e1n del sur<\/option><option  value=\"SE\">Suecia<\/option><option  value=\"CH\">Suiza<\/option><option  value=\"SR\">Surinam<\/option><option  value=\"SJ\">Svalbard y Jan Mayen<\/option><option  value=\"TH\">Tailandia<\/option><option  value=\"TW\">Taiw\u00e1n, provincia de China<\/option><option  value=\"TZ\">Tanzania<\/option><option  value=\"TJ\">Tayikist\u00e1n<\/option><option  value=\"IO\">Territorio brit\u00e1nico del oc\u00e9ano \u00cdndico<\/option><option  value=\"TF\">Territorios Australes Franceses<\/option><option  value=\"PS\">Territorios Palestinos<\/option><option  value=\"TL\">Timor Oriental<\/option><option  value=\"TG\">Togo<\/option><option  value=\"TK\">Tokelau<\/option><option  value=\"TO\">Tonga<\/option><option  value=\"TT\">Trinidad y Tobago<\/option><option  value=\"TN\">T\u00fanez<\/option><option  value=\"TM\">Turkmenist\u00e1n<\/option><option  value=\"TR\">Turqu\u00eda<\/option><option  value=\"TV\">Tuvalu<\/option><option  value=\"UA\">Ucrania<\/option><option  value=\"UG\">Uganda<\/option><option  value=\"UY\">Uruguay<\/option><option  value=\"UZ\">Uzbekist\u00e1n<\/option><option  value=\"VU\">Vanuatu<\/option><option  value=\"VE\">Venezuela, Rep\u00fablica Bolivariana de<\/option><option  value=\"VN\">Vietnam<\/option><option  value=\"WF\">Wallis y Futuna<\/option><option  value=\"YE\">Yemen<\/option><option  value=\"DJ\">Yibuti<\/option><option  value=\"ZM\">Zambia<\/option><option  value=\"ZW\">Zimbabue<\/option>\t\t<\/select>\n\t\t\t\t\t\t\t<div class=\"ps-form__field-desc lbl-descript\">Selecciona tu pa\u00eds.<\/div>\n\t\t\t\t\t<div class=\"ps-form__error\" style=\"display:none\"><\/div>\t\t\t\t<\/div>\n\t\t\t<\/div>\n\t\t<input type=\"hidden\" name=\"-form-id\" value=\"ddd99f5cfa\" \/>\n<input type=\"hidden\" name=\"authkey\" value=\"\" \/>\n<div class=\"ps-form__row ps-form__row--checkbox\"><label id=\"privacymsg\" for=\"privacy\" class=\"ps-form__label \">\nEstoy de acuerdo con la <a href=\"https:\/\/prayer.24-7im.com\/terms-and-conditions\/?cb=1775459064\" target=\"_blank\" class=\"ps-js-btn-showterms-new-tab\">Pol\u00edtica de Privacidad<\/a>.<span class=\"ps-form__required\">&nbsp;*<\/span><\/label>\n<div class=\"ps-form__field \"><div class=\"ps-checkbox\"><input class=\"ps-checkbox__input\" type=\"checkbox\" name=\"privacy\" id=\"privacy\"  required  \/><label class=\"ps-checkbox__label\" for=\"privacy\"><\/label><\/div><div class=\"ps-form__error\" style=\"display:none\"><\/div><\/div>\n<\/div><div class=\"ps-form__row\"><div class=\"ps-form__field \"><div class=\"ps-form__message\">Los campos marcados con un asterisco (<span class=\"ps-form__required\">*<\/span>) son obligatorios.<\/div><div class=\"ps-form__error\" style=\"display:none\"><\/div><\/div>\n<\/div><div class=\"ps-form__row ps-form__row--submit\"><div class=\"ps-form__field \"><button type=\"submit\" name=\"submit\"  class=\"ps-btn ps-btn--action ps-js-recaptcha\" value=\"Registrarse\" >Registrarse<img decoding=\"async\" src=\"https:\/\/prayer.24-7im.com\/wp-content\/plugins\/peepso\/assets\/images\/ajax-loader.gif?mt=1773561047\" style=\"margin-left:10px;display:none\" \/><\/button><div class=\"ps-form__error\" style=\"display:none\"><\/div><\/div>\n<\/div><\/div><\/form>\n\t\t\t<div class=\"tsc-icons\">\r\n    <div class=\"tsc-icons__separator\"><span>o<\/span><\/div>\r\n    <div class=\"tsc-icons__label\">Conectar con:<\/div>\r\n    <div class=\"tsc-icons__item pso-tip\" aria-label=\"Google\"><a href=\"https:\/\/prayer.24-7im.com\/es\/wp-login.php?action=social_login_authenticate&provider=Google&mode=login\" class=\"tsc-icon tsc-icon--google\" style=\"color:rgba(0,0,0,0.54);background-color:#fff;\"><img decoding=\"async\" src=\"https:\/\/prayer.24-7im.com\/wp-content\/plugins\/peepso-integrations-social-login\/\/assets\/img\/Google-SVG.svg\" alt=\"Google\" \/>Google<\/a><\/div><\/div>\r\n\t\t<\/div>\n\t<\/div>\n<\/div><!-- end: PEEPSO WRAPPER -->\n\n<script>\njQuery(function($) {\n    var data = window.peepsodata && peepsodata.register || {},\n        TERMS_TITLE = 'T\u00e9rminos y condiciones',\n        TERMS_TEXT = data.text_terms,\n        PRIVACY_TITLE = 'Pol\u00edtica de Privacidad',\n        PRIVACY_TEXT = data.text_privacy;\n\n    $('.ps-js-btn-showterms').on('click', function(e) {\n        e.preventDefault();\n        peepso.dialog(TERMS_TEXT, { title: TERMS_TITLE, wide: true }).show();\n    });\n\n    $('.ps-js-btn-showprivacy').on('click', function(e) {\n        e.preventDefault();\n        peepso.dialog(PRIVACY_TEXT, { title: PRIVACY_TITLE, wide: true }).show();\n    });\n});\n<\/script>\n<\/div>\n","protected":false},"excerpt":{"rendered":"","protected":false},"author":1,"featured_media":0,"parent":0,"menu_order":0,"comment_status":"closed","ping_status":"closed","template":"","meta":{"_acf_changed":false,"footnotes":""},"class_list":["post-9","page","type-page","status-publish","hentry"],"acf":[],"_links":{"self":[{"href":"https:\/\/prayer.24-7im.com\/es\/wp-json\/wp\/v2\/pages\/9","targetHints":{"allow":["GET"]}}],"collection":[{"href":"https:\/\/prayer.24-7im.com\/es\/wp-json\/wp\/v2\/pages"}],"about":[{"href":"https:\/\/prayer.24-7im.com\/es\/wp-json\/wp\/v2\/types\/page"}],"author":[{"embeddable":true,"href":"https:\/\/prayer.24-7im.com\/es\/wp-json\/wp\/v2\/users\/1"}],"replies":[{"embeddable":true,"href":"https:\/\/prayer.24-7im.com\/es\/wp-json\/wp\/v2\/comments?post=9"}],"version-history":[{"count":0,"href":"https:\/\/prayer.24-7im.com\/es\/wp-json\/wp\/v2\/pages\/9\/revisions"}],"wp:attachment":[{"href":"https:\/\/prayer.24-7im.com\/es\/wp-json\/wp\/v2\/media?parent=9"}],"curies":[{"name":"wp","href":"https:\/\/api.w.org\/{rel}","templated":true}]}}