{"id":9,"date":"2025-11-13T13:31:59","date_gmt":"2025-11-13T13:31:59","guid":{"rendered":"https:\/\/prayer.24-7im.com\/register\/"},"modified":"2025-11-13T13:31:59","modified_gmt":"2025-11-13T13:31:59","slug":"register","status":"publish","type":"page","link":"https:\/\/prayer.24-7im.com\/register\/","title":{"rendered":"Site Registration"},"content":{"rendered":"<div id=\"peepso-wrap\">\n<!-- PEEPSO WRAPPER -->\n<div class=\"peepso\">\n\t<div class=\"ps-page ps-page--register ps-page--register-main\">\n\t\t<div class=\"psf-register psf-register--main\">\n\t\t\t\n\t\t\t\n\t\t\t<!-- REGISTER FORM -->\n\t\t\t<form name=\"profile-edit\" id=\"profile-edit\"  action=\"https:\/\/prayer.24-7im.com\/fr\/register\/\"  method=\"POST\"  class=\"ps-form ps-form--register ps-form--register-main cform community-form-validate ps-js-form-register\"  autocomplete=\"off\" ><input type=\"hidden\" name=\"peepso-config-nonce\" value=\"b27b8f5deb\"\/><div class=\"ps-form__grid\"><input type=\"hidden\" name=\"username\" value=\"\" \/>\n<div class=\"ps-form__row ps-form__row--full ps-form__row--clear\"><label id=\"emailmsg\" for=\"email\" class=\"ps-form__label \">\nE-mail <span class=\"ps-form__required\">&nbsp;*<\/span><\/label>\n<div class=\"ps-form__field \"><input  type=\"email\" name=\"email\" id=\"email\"  class=\"ps-input email required maxlen:320 \" title=\"Entrez votre adresse e-mail.\"  required  \/><div class=\"ps-form__field-desc lbl-descript\">Entrez votre adresse e-mail.<\/div><div class=\"ps-form__error\" style=\"display:none\"><\/div><\/div>\n<\/div><div class=\"ps-form__row ps-form__row--half\"><label id=\"passwordmsg\" for=\"password\" class=\"ps-form__label \">\nMot de passe<span class=\"ps-form__required\">&nbsp;*<\/span><\/label>\n<div class=\"ps-form__field \"><input type=\"password\" name=\"password\" id=\"password\"  class=\"ps-input password password_lowercase password_uppercase password_number password_special required\" title=\"Entrez votre mot de passe souhait\u00e9\"  required  \/><span id=\"errpassword\" style=\"display:none;\">&nbsp;<\/span><div class=\"ps-form__field-desc lbl-descript\">Entrez votre mot de passe souhait\u00e9<\/div><div class=\"ps-form__error\" style=\"display:none\"><\/div><\/div>\n<\/div><div class=\"ps-form__row ps-form__row--half\"><label id=\"password2msg\" for=\"password2\" class=\"ps-form__label \">\nV\u00e9rifiez votre mot de passe<span class=\"ps-form__required\">&nbsp;*<\/span><\/label>\n<div class=\"ps-form__field \"><input type=\"password\" name=\"password2\" id=\"password2\"  class=\"ps-input password password_lowercase password_uppercase password_number password_special required\" title=\"Repeat your password\"  required  \/><span id=\"errpassword2\" style=\"display:none;\">&nbsp;<\/span><div class=\"ps-form__field-desc lbl-descript\">Repeat your password<\/div><div class=\"ps-form__error\" style=\"display:none\"><\/div><\/div>\n<\/div><input type=\"hidden\" name=\"task\" value=\"-register-save\" \/>\n\t\t\t<div class=\"ps-form__row ps-form__row--half\">\n\t\t\t\t\t\t\t\t<label id=\"peepso_user_field_first_namemsg\" for=\"peepso_user_field_first_name\" class=\"ps-form__label\">Pr\u00e9nom<span class=\"ps-form__required\">&nbsp;*<\/span><\/label>\n\t\t\t\t\t\t\t\t<div class=\"ps-form__field\">\n\t\t\t\t\t<div class=\"ps-input__wrapper\"><input class=\"ps-input ps-input--sm ps-input--count\" type=\"text\" value=\"\" name=\"profile_field_15\" id=\"profile_field_15\" data-id=\"15\" class=\"ps-input\" required><div class=\"ps-form__chars-count ps-js-counter\" style=\"display:none\"><\/div><\/div>\t\t\t\t\t<div class=\"ps-form__field-desc lbl-descript\">Pr\u00e9nom<\/div>\n\t\t\t\t\t<div class=\"ps-form__error\" style=\"display:none\"><\/div>\t\t\t\t<\/div>\n\t\t\t<\/div>\n\t\t\t\t\t<div class=\"ps-form__row ps-form__row--half\">\n\t\t\t\t\t\t\t\t<label id=\"peepso_user_field_first_namemsg\" for=\"peepso_user_field_first_name\" class=\"ps-form__label\">Nom<span class=\"ps-form__required\">&nbsp;*<\/span><\/label>\n\t\t\t\t\t\t\t\t<div class=\"ps-form__field\">\n\t\t\t\t\t<div class=\"ps-input__wrapper\"><input class=\"ps-input ps-input--sm ps-input--count\" type=\"text\" value=\"\" name=\"profile_field_16\" id=\"profile_field_16\" data-id=\"16\" class=\"ps-input\" required><div class=\"ps-form__chars-count ps-js-counter\" style=\"display:none\"><\/div><\/div>\t\t\t\t\t<div class=\"ps-form__field-desc lbl-descript\">Last name<\/div>\n\t\t\t\t\t<div class=\"ps-form__error\" style=\"display:none\"><\/div>\t\t\t\t<\/div>\n\t\t\t<\/div>\n\t\t\t\t\t<div class=\"ps-form__row ps-form__row--half\">\n\t\t\t\t\t\t\t\t<label id=\"peepso_user_field_first_namemsg\" for=\"peepso_user_field_first_name\" class=\"ps-form__label\">Phone Number<span class=\"ps-form__required\">&nbsp;*<\/span><\/label>\n\t\t\t\t\t\t\t\t<div class=\"ps-form__field\">\n\t\t\t\t\t<div class=\"ps-input__wrapper\"><input class=\"ps-input ps-input--sm ps-input--count\" type=\"text\" value=\"\" name=\"profile_field_220\" id=\"profile_field_220\" data-id=\"220\" class=\"ps-input\" required><div class=\"ps-form__chars-count ps-js-counter\" style=\"display:none\"><\/div><\/div>\t\t\t\t\t<div class=\"ps-form__field-desc lbl-descript\">Phone Number<\/div>\n\t\t\t\t\t<div class=\"ps-form__error\" style=\"display:none\"><\/div>\t\t\t\t<\/div>\n\t\t\t<\/div>\n\t\t\t\t\t<div class=\"ps-form__row ps-form__row--half\">\n\t\t\t\t\t\t\t\t<label id=\"peepso_user_field_first_namemsg\" for=\"peepso_user_field_first_name\" class=\"ps-form__label\">Country<span class=\"ps-form__required\">&nbsp;*<\/span><\/label>\n\t\t\t\t\t\t\t\t<div class=\"ps-form__field\">\n\t\t\t\t\t\t\t<select name=\"profile_field_219\" id=\"profile_field_219\" data-id=\"219\" class=\"ps-input\" required>\n\t\t\t<option value=\"\">S\u00e9lectionnez une option...<\/option>\n\t\t\t<option  value=\"EG\">\u00c9gypte<\/option><option  value=\"LB\">Liban<\/option><option  value=\"AF\">Afghanistan<\/option><option  value=\"ZA\">Afrique du Sud<\/option><option  value=\"AL\">Albanie<\/option><option  value=\"DZ\">Alg\u00e9rie<\/option><option  value=\"DE\">Allemagne<\/option><option  value=\"AD\">Andorre<\/option><option  value=\"AO\">Angola<\/option><option  value=\"AI\">Anguilla<\/option><option  value=\"AQ\">Antarctique<\/option><option  value=\"AG\">Antigua-et-Barbuda<\/option><option  value=\"SA\">Arabie Saoudite<\/option><option  value=\"AR\">Argentine<\/option><option  value=\"AM\">Arm\u00e9nie<\/option><option  value=\"AW\">Aruba<\/option><option  value=\"AU\">Australie<\/option><option  value=\"AT\">Autriche<\/option><option  value=\"AZ\">Azerba\u00efdjan<\/option><option  value=\"BS\">Bahamas<\/option><option  value=\"BH\">Bahre\u00efn<\/option><option  value=\"BD\">Bangladesh<\/option><option  value=\"BB\">Barbade<\/option><option  value=\"BE\">Belgique<\/option><option  value=\"BZ\">Belize<\/option><option  value=\"BJ\">B\u00e9nin<\/option><option  value=\"BM\">Bermudes<\/option><option  value=\"BT\">Bhoutan<\/option><option  value=\"BY\">Bi\u00e9lorussie<\/option><option  value=\"BO\">Bolivie, \u00c9tat plurinational de<\/option><option  value=\"BQ\">Bonaire, Saint-Eustache et Saba<\/option><option  value=\"BA\">Bosnie-Herz\u00e9govine<\/option><option  value=\"BW\">Botswana<\/option><option  value=\"BR\">Br\u00e9sil<\/option><option  value=\"BN\">Brun\u00e9i Darussalam<\/option><option  value=\"BG\">Bulgarie<\/option><option  value=\"BF\">Burkina Faso<\/option><option  value=\"BI\">Burundi<\/option><option  value=\"KH\">Cambodge<\/option><option  value=\"CM\">Cameroun<\/option><option  value=\"CA\">Canada<\/option><option  value=\"CV\">Cap Vert<\/option><option  value=\"CL\">Chili<\/option><option  value=\"CN\">Chine<\/option><option  value=\"CY\">Chypre<\/option><option  value=\"CO\">Colombie<\/option><option  value=\"KM\">Comores<\/option><option  value=\"CG\">Congo<\/option><option  value=\"CD\">Congo, R\u00e9publique d\u00e9mocratique du<\/option><option  value=\"KR\">Cor\u00e9e, R\u00e9publique de<\/option><option  value=\"KP\">Cor\u00e9e, R\u00e9publique populaire d\u00e9mocratique de<\/option><option  value=\"CR\">Costa Rica<\/option><option  value=\"CI\">C\u00f4te d&#039;Ivoire<\/option><option  value=\"HR\">Croatie<\/option><option  value=\"CU\">Cuba<\/option><option  value=\"CW\">Cura\u00e7ao<\/option><option  value=\"DK\">Danemark<\/option><option  value=\"DJ\">Djibouti<\/option><option  value=\"DM\">Dominique<\/option><option  value=\"SV\">El Salvador<\/option><option  value=\"AE\">\u00c9mirats Arabes Unis<\/option><option  value=\"EC\">\u00c9quateur<\/option><option  value=\"ER\">\u00c9rythr\u00e9e<\/option><option  value=\"ES\">Espagne<\/option><option  value=\"EE\">Estonie<\/option><option  value=\"US\">\u00c9tats-Unis d&#039;Am\u00e9rique<\/option><option  value=\"ET\">\u00c9thiopie<\/option><option  value=\"RU\">F\u00e9d\u00e9ration de Russie<\/option><option  value=\"FJ\">Fidji<\/option><option  value=\"FI\">Finlande<\/option><option  value=\"FR\">France<\/option><option  value=\"GA\">Gabon<\/option><option  value=\"GM\">Gambie<\/option><option  value=\"GE\">G\u00e9orgie<\/option><option  value=\"GS\">G\u00e9orgie du Sud et les \u00celes Sandwich du Sud<\/option><option  value=\"GH\">Ghana<\/option><option  value=\"GI\">Gibraltar<\/option><option  value=\"GR\">Gr\u00e8ce<\/option><option  value=\"GD\">Grenade<\/option><option  value=\"GL\">Groenland<\/option><option  value=\"GP\">Guadeloupe<\/option><option  value=\"GU\">Guam<\/option><option  value=\"GT\">Guat\u00e9mala<\/option><option  value=\"GG\">Guernesey<\/option><option  value=\"GN\">Guin\u00e9e<\/option><option  value=\"GQ\">Guin\u00e9e \u00e9quatoriale<\/option><option  value=\"GW\">Guin\u00e9e-Bissau<\/option><option  value=\"GY\">Guyane<\/option><option  value=\"GF\">Guyane fran\u00e7aise<\/option><option  value=\"HT\">Ha\u00efti<\/option><option  value=\"HN\">Honduras<\/option><option  value=\"HK\">Hong Kong<\/option><option  value=\"HU\">Hongrie<\/option><option  value=\"BV\">\u00cele Bouvet<\/option><option  value=\"CX\">\u00cele Christmas<\/option><option  value=\"NF\">\u00cele Norfolk<\/option><option  value=\"IM\">\u00cele de Man<\/option><option  value=\"AX\">\u00celes \u00c5land<\/option><option  value=\"KY\">\u00celes Ca\u00efmans<\/option><option  value=\"CC\">\u00celes Cocos (Keeling)<\/option><option  value=\"CK\">\u00celes Cook<\/option><option  value=\"FK\">Iles Falkland (Malouines)<\/option><option  value=\"FO\">\u00celes F\u00e9ro\u00e9<\/option><option  value=\"HM\">\u00celes Heard-et-MacDonald<\/option><option  value=\"MP\">\u00celes Mariannes du Nord<\/option><option  value=\"MH\">\u00celes Marshall<\/option><option  value=\"SB\">\u00celes Salomon<\/option><option  value=\"TC\">\u00celes Turques et Ca\u00efques<\/option><option  value=\"VI\">\u00celes Vierges am\u00e9ricaines<\/option><option  value=\"VG\">Iles Vierges britanniques<\/option><option  value=\"UM\">\u00celes mineures \u00e9loign\u00e9es des \u00c9tats-Unis<\/option><option  value=\"IN\">Inde<\/option><option  value=\"ID\">Indon\u00e9sie<\/option><option  value=\"IQ\">Irak<\/option><option  value=\"IR\">Iran, R\u00e9publique islamique d&#039;<\/option><option  value=\"IE\">Irlande<\/option><option  value=\"IS\">Islande<\/option><option  value=\"IL\">Isra\u00ebl<\/option><option  value=\"IT\">Italie<\/option><option  value=\"JM\">Jama\u00efque<\/option><option  value=\"JP\">Japon<\/option><option  value=\"JE\">Jersey<\/option><option  value=\"JO\">Jordanie<\/option><option  value=\"KZ\">Kazakhstan<\/option><option  value=\"KE\">Kenya<\/option><option  value=\"KG\">Kirghizistan<\/option><option  value=\"KI\">Kiribati<\/option><option  value=\"KW\">Kowe\u00eft<\/option><option  value=\"LA\">Laos, R\u00e9publique d\u00e9mocratique populaire lao<\/option><option  value=\"LS\">Lesotho<\/option><option  value=\"LV\">Lettonie<\/option><option  value=\"LR\">Lib\u00e9ria<\/option><option  value=\"LY\">Libye<\/option><option  value=\"LI\">Liechtenstein<\/option><option  value=\"LT\">Lituanie<\/option><option  value=\"LU\">Luxembourg<\/option><option  value=\"MO\">Macao<\/option><option  value=\"MK\">Mac\u00e9doine du Nord<\/option><option  value=\"MG\">Madagascar<\/option><option  value=\"MY\">Malaisie<\/option><option  value=\"MW\">Malawi<\/option><option  value=\"MV\">Maldives<\/option><option  value=\"ML\">Mali<\/option><option  value=\"MT\">Malte<\/option><option  value=\"MA\">Maroc<\/option><option  value=\"MQ\">Martinique<\/option><option  value=\"MU\">Maurice<\/option><option  value=\"MR\">Mauritanie<\/option><option  value=\"YT\">Mayotte<\/option><option  value=\"MX\">Mexique<\/option><option  value=\"FM\">Micron\u00e9sie, \u00c9tats f\u00e9d\u00e9r\u00e9s de<\/option><option  value=\"MD\">Moldavie, R\u00e9publique de<\/option><option  value=\"MC\">Monaco<\/option><option  value=\"MN\">Mongolie<\/option><option  value=\"ME\">Mont\u00e9n\u00e9gro<\/option><option  value=\"MS\">Montserrat<\/option><option  value=\"MZ\">Mozambique<\/option><option  value=\"MM\">Myanmar<\/option><option  value=\"NA\">Namibie<\/option><option  value=\"NR\">Nauru<\/option><option  value=\"NP\">N\u00e9pal<\/option><option  value=\"NI\">Nicaragua<\/option><option  value=\"NE\">Niger<\/option><option  value=\"NG\">Nigeria<\/option><option  value=\"NU\">Niue<\/option><option  value=\"NO\">Norv\u00e8ge<\/option><option  value=\"NC\">Nouvelle-Cal\u00e9donie<\/option><option  value=\"NZ\">Nouvelle-Z\u00e9lande<\/option><option  value=\"OM\">Oman<\/option><option  value=\"UG\">Ouganda<\/option><option  value=\"UZ\">Ouzb\u00e9kistan<\/option><option  value=\"PK\">Pakistan<\/option><option  value=\"PW\">Palaos<\/option><option  value=\"PA\">Panama<\/option><option  value=\"PG\">Papouasie-Nouvelle-Guin\u00e9e<\/option><option  value=\"PY\">Paraguay<\/option><option  value=\"NL\">Pays-Bas<\/option><option  value=\"PE\">P\u00e9rou<\/option><option  value=\"PH\">Philippines<\/option><option  value=\"PN\">Pitcairn<\/option><option  value=\"PL\">Pologne<\/option><option  value=\"PF\">Polyn\u00e9sie fran\u00e7aise<\/option><option  value=\"PR\">Porto Rico<\/option><option  value=\"PT\">Portugal<\/option><option  value=\"QA\">Qatar<\/option><option  value=\"CF\">R\u00e9publique Centrafricaine<\/option><option  value=\"DO\">R\u00e9publique Dominicaine<\/option><option  value=\"CZ\">R\u00e9publique Tch\u00e8que<\/option><option  value=\"SY\">R\u00e9publique arabe syrienne<\/option><option  value=\"RE\">R\u00e9union<\/option><option  value=\"RO\">Roumanie<\/option><option  value=\"GB\">Royaume-Uni<\/option><option  value=\"RW\">Rwanda<\/option><option  value=\"EH\">Sahara occidental<\/option><option  value=\"BL\">Saint-Barth\u00e9l\u00e9my<\/option><option  value=\"KN\">Saint-Kitts-et-Nevis<\/option><option  value=\"SM\">Saint-Marin<\/option><option  value=\"MF\">Saint-Martin (partie fran\u00e7aise)<\/option><option  value=\"SX\">Saint-Martin (partie n\u00e9erlandaise)<\/option><option  value=\"PM\">Saint-Pierre-et-Miquelon<\/option><option  value=\"VA\">Saint-Si\u00e8ge (\u00c9tat de la Cit\u00e9 du Vatican)<\/option><option  value=\"VC\">Saint-Vincent et les Grenadines<\/option><option  value=\"SH\">Sainte-H\u00e9l\u00e8ne, Ascension et Tristan da Cunha<\/option><option  value=\"LC\">Sainte-Lucie<\/option><option  value=\"WS\">Samoa<\/option><option  value=\"AS\">Samoa am\u00e9ricaines<\/option><option  value=\"ST\">Sao Tom\u00e9-et-Principe<\/option><option  value=\"SN\">S\u00e9n\u00e9gal<\/option><option  value=\"RS\">Serbie<\/option><option  value=\"SC\">Seychelles<\/option><option  value=\"SL\">Sierra Leone<\/option><option  value=\"SG\">Singapour<\/option><option  value=\"SK\">Slovaquie<\/option><option  value=\"SI\">Slov\u00e9nie<\/option><option  value=\"SO\">Somalie<\/option><option  value=\"SD\">Soudan<\/option><option  value=\"SS\">Soudan du Sud<\/option><option  value=\"LK\">Sri Lanka<\/option><option  value=\"SE\">Su\u00e8de<\/option><option  value=\"CH\">Suisse<\/option><option  value=\"SR\">Suriname<\/option><option  value=\"SJ\">Svalbard et Jan Mayen<\/option><option  value=\"SZ\">Swaziland<\/option><option  value=\"TJ\">Tadjikistan<\/option><option  value=\"TW\">Ta\u00efwan, Province de Chine<\/option><option  value=\"TZ\">Tanzanie, R\u00e9publique-Unie de<\/option><option  value=\"TD\">Tchad<\/option><option  value=\"TF\">Terres australes et antarctiques fran\u00e7aises<\/option><option  value=\"IO\">Territoire britannique de l&#039;oc\u00e9an Indien<\/option><option  value=\"PS\">Territoires palestiniens occup\u00e9s<\/option><option  value=\"TH\">Tha\u00eflande<\/option><option  value=\"TL\">Timor-Leste<\/option><option  value=\"TG\">Togo<\/option><option  value=\"TK\">Tokelau<\/option><option  value=\"TO\">Tonga<\/option><option  value=\"TT\">Trinit\u00e9-et-Tobago<\/option><option  value=\"TN\">Tunisie<\/option><option  value=\"TM\">Turkm\u00e9nistan<\/option><option  value=\"TR\">Turquie<\/option><option  value=\"TV\">Tuvalu<\/option><option  value=\"UA\">Ukraine<\/option><option  value=\"UY\">Uruguay<\/option><option  value=\"VU\">Vanuatu<\/option><option  value=\"VE\">Venezuela, R\u00e9publique bolivarienne du<\/option><option  value=\"VN\">Vietnam<\/option><option  value=\"WF\">Wallis et Futuna<\/option><option  value=\"YE\">Y\u00e9men<\/option><option  value=\"ZM\">Zambie<\/option><option  value=\"ZW\">Zimbabwe<\/option>\t\t<\/select>\n\t\t\t\t\t\t\t<div class=\"ps-form__field-desc lbl-descript\">S\u00e9lectionnez votre pays.<\/div>\n\t\t\t\t\t<div class=\"ps-form__error\" style=\"display:none\"><\/div>\t\t\t\t<\/div>\n\t\t\t<\/div>\n\t\t<input type=\"hidden\" name=\"-form-id\" value=\"ddd99f5cfa\" \/>\n<input type=\"hidden\" name=\"authkey\" value=\"\" \/>\n<div class=\"ps-form__row ps-form__row--checkbox\"><label id=\"privacymsg\" for=\"privacy\" class=\"ps-form__label \">\nJ\u2019accepte les <a href=\"https:\/\/prayer.24-7im.com\/terms-and-conditions\/?cb=1775459103\" target=\"_blank\" class=\"ps-js-btn-showterms-new-tab\">Politique de confidentialit\u00e9<\/a>.<span class=\"ps-form__required\">&nbsp;*<\/span><\/label>\n<div class=\"ps-form__field \"><div class=\"ps-checkbox\"><input class=\"ps-checkbox__input\" type=\"checkbox\" name=\"privacy\" id=\"privacy\"  required  \/><label class=\"ps-checkbox__label\" for=\"privacy\"><\/label><\/div><div class=\"ps-form__error\" style=\"display:none\"><\/div><\/div>\n<\/div><div class=\"ps-form__row\"><div class=\"ps-form__field \"><div class=\"ps-form__message\">Les champs marqu\u00e9s d'un ast\u00e9risque (<span class=\"ps-form__required\">*<\/span>) sont obligatoires.<\/div><div class=\"ps-form__error\" style=\"display:none\"><\/div><\/div>\n<\/div><div class=\"ps-form__row ps-form__row--submit\"><div class=\"ps-form__field \"><button type=\"submit\" name=\"submit\"  class=\"ps-btn ps-btn--action ps-js-recaptcha\" value=\"Inscription\" >Inscription<img decoding=\"async\" src=\"https:\/\/prayer.24-7im.com\/wp-content\/plugins\/peepso\/assets\/images\/ajax-loader.gif?mt=1773561047\" style=\"margin-left:10px;display:none\" \/><\/button><div class=\"ps-form__error\" style=\"display:none\"><\/div><\/div>\n<\/div><\/div><\/form>\n\t\t\t<div class=\"tsc-icons\">\r\n    <div class=\"tsc-icons__separator\"><span>or<\/span><\/div>\r\n    <div class=\"tsc-icons__label\">se connecter avec :<\/div>\r\n    <div class=\"tsc-icons__item pso-tip\" aria-label=\"Google\"><a href=\"https:\/\/prayer.24-7im.com\/fr\/wp-login.php?action=social_login_authenticate&provider=Google&mode=login\" class=\"tsc-icon tsc-icon--google\" style=\"color:rgba(0,0,0,0.54);background-color:#fff;\"><img decoding=\"async\" src=\"https:\/\/prayer.24-7im.com\/wp-content\/plugins\/peepso-integrations-social-login\/\/assets\/img\/Google-SVG.svg\" alt=\"Google\" \/>Google<\/a><\/div><\/div>\r\n\t\t<\/div>\n\t<\/div>\n<\/div><!-- end: PEEPSO WRAPPER -->\n\n<script>\njQuery(function($) {\n    var data = window.peepsodata && peepsodata.register || {},\n        TERMS_TITLE = 'Conditions G\u00e9n\u00e9rales d\u2019Utilisation',\n        TERMS_TEXT = data.text_terms,\n        PRIVACY_TITLE = 'Politique de confidentialit\u00e9',\n        PRIVACY_TEXT = data.text_privacy;\n\n    $('.ps-js-btn-showterms').on('click', function(e) {\n        e.preventDefault();\n        peepso.dialog(TERMS_TEXT, { title: TERMS_TITLE, wide: true }).show();\n    });\n\n    $('.ps-js-btn-showprivacy').on('click', function(e) {\n        e.preventDefault();\n        peepso.dialog(PRIVACY_TEXT, { title: PRIVACY_TITLE, wide: true }).show();\n    });\n});\n<\/script>\n<\/div>\n","protected":false},"excerpt":{"rendered":"","protected":false},"author":1,"featured_media":0,"parent":0,"menu_order":0,"comment_status":"closed","ping_status":"closed","template":"","meta":{"_acf_changed":false,"footnotes":""},"class_list":["post-9","page","type-page","status-publish","hentry"],"acf":[],"_links":{"self":[{"href":"https:\/\/prayer.24-7im.com\/fr\/wp-json\/wp\/v2\/pages\/9","targetHints":{"allow":["GET"]}}],"collection":[{"href":"https:\/\/prayer.24-7im.com\/fr\/wp-json\/wp\/v2\/pages"}],"about":[{"href":"https:\/\/prayer.24-7im.com\/fr\/wp-json\/wp\/v2\/types\/page"}],"author":[{"embeddable":true,"href":"https:\/\/prayer.24-7im.com\/fr\/wp-json\/wp\/v2\/users\/1"}],"replies":[{"embeddable":true,"href":"https:\/\/prayer.24-7im.com\/fr\/wp-json\/wp\/v2\/comments?post=9"}],"version-history":[{"count":0,"href":"https:\/\/prayer.24-7im.com\/fr\/wp-json\/wp\/v2\/pages\/9\/revisions"}],"wp:attachment":[{"href":"https:\/\/prayer.24-7im.com\/fr\/wp-json\/wp\/v2\/media?parent=9"}],"curies":[{"name":"wp","href":"https:\/\/api.w.org\/{rel}","templated":true}]}}